{"id":217,"date":"2017-03-04T16:23:34","date_gmt":"2017-03-04T16:23:34","guid":{"rendered":"http:\/\/foretruss.com\/?page_id=217"},"modified":"2023-04-04T12:33:36","modified_gmt":"2023-04-04T12:33:36","slug":"services-2","status":"publish","type":"page","link":"https:\/\/fore-engineering.ca\/fr\/services-2\/","title":{"rendered":"Services"},"content":{"rendered":"<p><strong>Nous fournissons des services d'ing\u00e9nierie et des solutions pour tous vos besoins structurels r\u00e9sidentiels et commerciaux.<\/strong><\/p>\n<p><strong><b>Nous nous sp\u00e9cialisons dans la conception de fermes en bois et de produits de charpente en bois. Nous fournissons des solutions de r\u00e9paration d'ing\u00e9nierie pour tous les produits de charpente en bois.<\/b>.<\/strong><\/p>\n<p><strong>Sur demande, nous fournissons \u00e9galement des services d'inspection de site et fournissons des rapports scell\u00e9s<\/strong><\/p>","protected":false},"excerpt":{"rendered":"<p>We provide engineering services and solutions for all your residential and commercial structural needs. We specialize in design of wood trusses and wood structural products. We provide engineered repair solutions to all wood structural products. On Demand we also provide site inspection services and provide sealed reports<\/p>","protected":false},"author":1,"featured_media":0,"parent":0,"menu_order":0,"comment_status":"closed","ping_status":"closed","template":"","meta":{"footnotes":""},"class_list":["post-217","page","type-page","status-publish","hentry"],"_links":{"self":[{"href":"https:\/\/fore-engineering.ca\/fr\/wp-json\/wp\/v2\/pages\/217","targetHints":{"allow":["GET"]}}],"collection":[{"href":"https:\/\/fore-engineering.ca\/fr\/wp-json\/wp\/v2\/pages"}],"about":[{"href":"https:\/\/fore-engineering.ca\/fr\/wp-json\/wp\/v2\/types\/page"}],"author":[{"embeddable":true,"href":"https:\/\/fore-engineering.ca\/fr\/wp-json\/wp\/v2\/users\/1"}],"replies":[{"embeddable":true,"href":"https:\/\/fore-engineering.ca\/fr\/wp-json\/wp\/v2\/comments?post=217"}],"version-history":[{"count":6,"href":"https:\/\/fore-engineering.ca\/fr\/wp-json\/wp\/v2\/pages\/217\/revisions"}],"predecessor-version":[{"id":286,"href":"https:\/\/fore-engineering.ca\/fr\/wp-json\/wp\/v2\/pages\/217\/revisions\/286"}],"wp:attachment":[{"href":"https:\/\/fore-engineering.ca\/fr\/wp-json\/wp\/v2\/media?parent=217"}],"curies":[{"name":"wp","href":"https:\/\/api.w.org\/{rel}","templated":true}]}}