{"id":2,"date":"2014-05-25T00:33:02","date_gmt":"2014-05-25T00:33:02","guid":{"rendered":"http:\/\/localhost\/wordpress-3.7\/wordpress\/?page_id=2"},"modified":"2023-04-04T17:52:12","modified_gmt":"2023-04-04T17:52:12","slug":"sample-page","status":"publish","type":"page","link":"https:\/\/fore-engineering.ca\/fr\/","title":{"rendered":"Accueil"},"content":{"rendered":"<p>[sg_popup id=&#8221;1&#8243; event=&#8221;onload&#8221;][\/sg_popup]<\/p>\n<p><strong>A Propos de Fore-Engineering<\/strong><\/p>\n<p>Fore-Engineering has been a provider of efficient engineering solutions and quality structural products. By supplying innovative solutions that help individuals and corporations in meeting their needs for customized, cost-effective solutions. Fore-Engineering constantly succeeds in meeting client demands for structural engineering services. by manufacturing industry-approved engineered products such as steel connector truss plates, Forewalls and Forejoists. Site Inspection services, Quality control methodologies and other structural design services are major strengths of the company.<\/p>\n<p><strong>Mission<\/strong><\/p>\n<p>The Fore-Engineering company mission is to enable its customers to meet their own operational demands in a timely, efficient and cost-effective manner &#8211; to provide engineering solutions that will help customers to succeed in providing excellent service to their own clients.<\/p>\n<p><strong>Pourquoi Fore-Engineering?<\/strong><\/p>\n<p>Fore-Engineering offre des d\u00e9cennies d'exp\u00e9rience professionnelle en ing\u00e9nierie ainsi que des produits solides et de qualit\u00e9 pour r\u00e9pondre aux exigences des clients de la mani\u00e8re la plus rentable et la plus rapide, \u00e0 chaque fois. Chez Fore-Engineering, l'accent est toujours mis sur la satisfaction client de haut niveau et, en fin de compte, sur le succ\u00e8s client. Les fondateurs ont l'exp\u00e9rience de l'exploitation d'usines de fabrication de plaques de fermes en acier et d'installations de fabrication de fermes au Canada.<\/p>","protected":false},"excerpt":{"rendered":"<p>[sg_popup id=&#8221;1&#8243; event=&#8221;onload&#8221;][\/sg_popup] About Fore-Engineering Fore-Engineering has been a provider of efficient engineering solutions and quality structural products. By supplying innovative solutions that help individuals and corporations in meeting their needs for customized, cost-effective solutions. Fore-Engineering constantly succeeds in meeting client demands for structural engineering services. by manufacturing industry-approved engineered[&#8230;]<\/p>","protected":false},"author":1,"featured_media":0,"parent":0,"menu_order":0,"comment_status":"closed","ping_status":"closed","template":"template-front-full-slider.php","meta":{"footnotes":""},"class_list":["post-2","page","type-page","status-publish","hentry"],"_links":{"self":[{"href":"https:\/\/fore-engineering.ca\/fr\/wp-json\/wp\/v2\/pages\/2","targetHints":{"allow":["GET"]}}],"collection":[{"href":"https:\/\/fore-engineering.ca\/fr\/wp-json\/wp\/v2\/pages"}],"about":[{"href":"https:\/\/fore-engineering.ca\/fr\/wp-json\/wp\/v2\/types\/page"}],"author":[{"embeddable":true,"href":"https:\/\/fore-engineering.ca\/fr\/wp-json\/wp\/v2\/users\/1"}],"replies":[{"embeddable":true,"href":"https:\/\/fore-engineering.ca\/fr\/wp-json\/wp\/v2\/comments?post=2"}],"version-history":[{"count":10,"href":"https:\/\/fore-engineering.ca\/fr\/wp-json\/wp\/v2\/pages\/2\/revisions"}],"predecessor-version":[{"id":293,"href":"https:\/\/fore-engineering.ca\/fr\/wp-json\/wp\/v2\/pages\/2\/revisions\/293"}],"wp:attachment":[{"href":"https:\/\/fore-engineering.ca\/fr\/wp-json\/wp\/v2\/media?parent=2"}],"curies":[{"name":"wp","href":"https:\/\/api.w.org\/{rel}","templated":true}]}}