{"id":13,"date":"2014-05-25T00:45:26","date_gmt":"2014-05-25T00:45:26","guid":{"rendered":"http:\/\/foretruss.yorkdigitalsolutions.com\/?page_id=13"},"modified":"2023-04-05T01:32:39","modified_gmt":"2023-04-05T01:32:39","slug":"services","status":"publish","type":"page","link":"https:\/\/fore-engineering.ca\/fr\/services\/","title":{"rendered":"A Propos"},"content":{"rendered":"<p><strong>Foretruss est maintenant Fore-Engineering<\/strong><\/p>\n<p class=\"translation-block\">Foretruss est maintenant Fore-Engineering : en 2016, nous avions arr\u00eat\u00e9 la production de plaques de fermes de connecteurs en acier et depuis lors, nous nous sommes concentr\u00e9s sur la fourniture de solutions d'ing\u00e9nierie sup\u00e9rieures et d'un soutien aux constructeurs et fabricants de <strong>l'Ontario, du Qu\u00e9bec et de la Colombie-Britannique<\/strong>.<\/p>\n<p>Maintenant, nous fournissons des solutions d'ing\u00e9nierie via notre nouvelle soci\u00e9t\u00e9 m\u00e8re AIMENG Canada Inc.<\/p>\n<p><strong>A Propos de Fore-Engineering<\/strong><\/p>\n<p>Fore-Engineering est un fournisseur de solutions d'ing\u00e9nierie efficaces et de produits structurels de qualit\u00e9, en fournissant des solutions innovantes qui aident les particuliers et les entreprises \u00e0 r\u00e9pondre \u00e0 leurs besoins de solutions personnalis\u00e9es et rentables. Fore-Engineering r\u00e9ussit constamment \u00e0 r\u00e9pondre aux demandes des clients en mati\u00e8re de services d'ing\u00e9nierie structurelle. en fabriquant des produits d'ing\u00e9nierie approuv\u00e9s par l'industrie tels que des plaques de connexion en acier, des avant-murs et des solives avant.<\/p>\n<p>Les services d'inspection de site, les m\u00e9thodologies de contr\u00f4le de la qualit\u00e9 et d'autres services de conception structurelle sont les principaux atouts de l'entreprise.<\/p>\n<p><strong>Histoire de l'entreprise<\/strong><\/p>\n<p>Plus t\u00f4t, lorsque ForeTruss Systems Inc. a \u00e9t\u00e9 cr\u00e9\u00e9e en 1984, elle a connu une croissance constante depuis son ouverture. La soci\u00e9t\u00e9 Fore-Engineering op\u00e8re d\u00e9sormais \u00e0 partir de son bureau d'ing\u00e9nierie situ\u00e9 \u00e0 Ottawa, en Ontario, sous l'\u00e9gide de sa soci\u00e9t\u00e9 m\u00e8re AIMENG Canada Inc. AIMENG Canada Inc. a \u00e9t\u00e9 cr\u00e9\u00e9e le 21 juin 2002.<\/p>\n<p>AIMENG Canada Inc. est un membre associ\u00e9 de TPIC et a BCIN # 27425 en Ontario<\/p>\n<p><strong>Mission<\/strong><\/p>\n<p>La mission de Fore-Engineering est de permettre \u00e0 ses clients de r\u00e9pondre \u00e0 leurs demandes op\u00e9rationnelles de mani\u00e8re rapide, efficace et rentable - pour fournir une solution d'ing\u00e9nierie qui aidera les clients \u00e0 r\u00e9ussir \u00e0 fournir un excellent service \u00e0 leurs clients.<\/p>\n<p><strong>Pourquoi Fore-Engineering?<\/strong><\/p>\n<p>Fore-Engineering offre des d\u00e9cennies d'exp\u00e9rience professionnelle en ing\u00e9nierie ainsi que des produits solides et de qualit\u00e9 pour r\u00e9pondre aux exigences des clients de la mani\u00e8re la plus rentable et la plus rapide, \u00e0 chaque fois. Chez Fore-Engineering, l'accent est toujours mis sur la satisfaction client de haut niveau et, en fin de compte, sur le succ\u00e8s client. Les fondateurs ont l'exp\u00e9rience de l'exploitation d'usines de fabrication de plaques de fermes en acier et d'installations de fabrication de fermes au Canada.<\/p>","protected":false},"excerpt":{"rendered":"<p>Foretruss is now Fore-Engineering Foretruss is now Fore-Engineering: In 2016, we had stopped production of steel connector truss plates and since then focused on providing superior engineering solutions and support for Ontario, Quebec and British Columbia builders and manufacturers. Now we provide engineering solutions via our new parent company AIMENG[&#8230;]<\/p>","protected":false},"author":1,"featured_media":0,"parent":0,"menu_order":9,"comment_status":"closed","ping_status":"closed","template":"template-services-listing.php","meta":{"footnotes":""},"class_list":["post-13","page","type-page","status-publish","hentry"],"_links":{"self":[{"href":"https:\/\/fore-engineering.ca\/fr\/wp-json\/wp\/v2\/pages\/13","targetHints":{"allow":["GET"]}}],"collection":[{"href":"https:\/\/fore-engineering.ca\/fr\/wp-json\/wp\/v2\/pages"}],"about":[{"href":"https:\/\/fore-engineering.ca\/fr\/wp-json\/wp\/v2\/types\/page"}],"author":[{"embeddable":true,"href":"https:\/\/fore-engineering.ca\/fr\/wp-json\/wp\/v2\/users\/1"}],"replies":[{"embeddable":true,"href":"https:\/\/fore-engineering.ca\/fr\/wp-json\/wp\/v2\/comments?post=13"}],"version-history":[{"count":17,"href":"https:\/\/fore-engineering.ca\/fr\/wp-json\/wp\/v2\/pages\/13\/revisions"}],"predecessor-version":[{"id":296,"href":"https:\/\/fore-engineering.ca\/fr\/wp-json\/wp\/v2\/pages\/13\/revisions\/296"}],"wp:attachment":[{"href":"https:\/\/fore-engineering.ca\/fr\/wp-json\/wp\/v2\/media?parent=13"}],"curies":[{"name":"wp","href":"https:\/\/api.w.org\/{rel}","templated":true}]}}