{"id":107,"date":"2014-12-21T01:08:26","date_gmt":"2014-12-21T01:08:26","guid":{"rendered":"http:\/\/foretruss.yorkdigitalsolutions.com\/?page_id=107"},"modified":"2023-04-04T13:18:25","modified_gmt":"2023-04-04T13:18:25","slug":"technical-resources","status":"publish","type":"page","link":"https:\/\/fore-engineering.ca\/fr\/technical-resources\/","title":{"rendered":"Ressources Techniques"},"content":{"rendered":"<p><strong>Directives d'ing\u00e9nierie (anglais seulement)<\/strong><\/p>\n<p><a title=\"Charges mortes minimales\" href=\"http:\/\/foretruss.com\/?p=113\">Charges mortes minimales<\/a><\/p>\n<p><a title=\"Conditions du bois \u00e0 la fabrication\" href=\"http:\/\/foretruss.com\/?p=116\">Conditions du bois \u00e0 la fabrication<\/a><\/p>\n<p><a title=\"Protection contre la corrosion pour les plaques de connexion m\u00e9talliques\" href=\"http:\/\/foretruss.com\/?p=118\">Protection contre la corrosion pour les plaques de connexion m\u00e9talliques<\/a><\/p>\n<p><a title=\"Fermes de toit qualifi\u00e9es en vertu de la partie 9 du CNB\" href=\"http:\/\/foretruss.com\/?p=122\">Fermes de toit qualifi\u00e9es en vertu de la partie 9 du CNB<\/a><\/p>\n<p><a title=\"Connexion de ferme \u00e0 ferme\" href=\"http:\/\/foretruss.com\/?p=124\">Connexion de ferme \u00e0 ferme<\/a><\/p>\n<p><a title=\"Responsabilit\u00e9s standard dans le processus de conception impliquant des fermes en bois reli\u00e9es par des plaques m\u00e9talliques\" href=\"http:\/\/foretruss.com\/?p=126\">Responsabilit\u00e9s standard dans le processus de conception impliquant des fermes en bois reli\u00e9es par des plaques m\u00e9talliques<\/a><\/p>\n<p><a title=\"S\u00e9paration des cloisons, pr\u00e9vention et solutions\" href=\"http:\/\/foretruss.com\/?p=128\">S\u00e9paration des cloisons, pr\u00e9vention et solutions<\/a><\/p>\n<p><a title=\"V\u00e9rifier les charges de conception\" href=\"http:\/\/foretruss.com\/?p=130\">V\u00e9rifier les charges de conception<\/a><\/p>\n<p><a title=\"Valeurs de charge de neige au sol pour l&#039;Ontario et le Qu\u00e9bec\" href=\"http:\/\/foretruss.com\/?p=136\">Valeurs de charge de neige au sol pour l'Ontario et le Qu\u00e9bec<\/a><\/p>\n<p>Tous les fabricants de fermes et ing\u00e9nieurs de projet, ou toute autorit\u00e9 comp\u00e9tente, doivent lire la derni\u00e8re copie de la documentation standard FT2009, qui fait partie int\u00e9grante de chaque conception de fermes examin\u00e9e par notre bureau situ\u00e9 <a href=\"http:\/\/foretruss.com\/wp-content\/uploads\/2015\/06\/FT2009.pdf\">ici<\/a><\/p>\n<p><strong>Product Descriptions and Usage<br \/>\n<\/strong><\/p>\n<p>Descriptions et utilisation du produit\u00a0<a href=\"http:\/\/foretruss.com\/wp-content\/uploads\/2014\/12\/ForeJoist.pdf\">Cliquez ici<\/a><\/p>\n<p><strong>Ressources utiles<\/strong><\/p>\n<p>Truss Plate Institute of Canada<strong> &#8211; <\/strong>Truss Plate Institute of Canada \u2013 pour plus d'informations sur les proc\u00e9dures de conception des fermes, le contr\u00f4le de la qualit\u00e9 dans la fabrication des fermes, ainsi que l'\u00e9rection et le contreventement des fermes, veuillez <a href=\"http:\/\/www.tpic.ca\">Cliquez ici<\/a><\/p>\n<p>Structural Building Components Association - pour les nouvelles de l'industrie, la formation et d'autres informations techniques, veuillez <a href=\"http:\/\/www.sbcindustry.com\">Cliquez ici<\/a><\/p>\n<p>&nbsp;<\/p>\n<p>&nbsp;<\/p>","protected":false},"excerpt":{"rendered":"<p>Engineering Guidelines Minimum Dead Loads Lumber Conditions at Manufacture Corrosion Protection for metal connector plates Roof Trusses qualified under part 9 of NBC Truss to Truss Connection Standard Responsibilities in the Design Process Involving Metal Plate Connected Wood Trusses Partition Separation, Prevention and Solutions Verify Design Loads Ground Snow Load[&#8230;]<\/p>","protected":false},"author":1,"featured_media":0,"parent":0,"menu_order":0,"comment_status":"closed","ping_status":"closed","template":"template-page-fullwidth.php","meta":{"footnotes":""},"class_list":["post-107","page","type-page","status-publish","hentry"],"_links":{"self":[{"href":"https:\/\/fore-engineering.ca\/fr\/wp-json\/wp\/v2\/pages\/107","targetHints":{"allow":["GET"]}}],"collection":[{"href":"https:\/\/fore-engineering.ca\/fr\/wp-json\/wp\/v2\/pages"}],"about":[{"href":"https:\/\/fore-engineering.ca\/fr\/wp-json\/wp\/v2\/types\/page"}],"author":[{"embeddable":true,"href":"https:\/\/fore-engineering.ca\/fr\/wp-json\/wp\/v2\/users\/1"}],"replies":[{"embeddable":true,"href":"https:\/\/fore-engineering.ca\/fr\/wp-json\/wp\/v2\/comments?post=107"}],"version-history":[{"count":11,"href":"https:\/\/fore-engineering.ca\/fr\/wp-json\/wp\/v2\/pages\/107\/revisions"}],"predecessor-version":[{"id":287,"href":"https:\/\/fore-engineering.ca\/fr\/wp-json\/wp\/v2\/pages\/107\/revisions\/287"}],"wp:attachment":[{"href":"https:\/\/fore-engineering.ca\/fr\/wp-json\/wp\/v2\/media?parent=107"}],"curies":[{"name":"wp","href":"https:\/\/api.w.org\/{rel}","templated":true}]}}